{"id":76,"date":"2026-04-24T13:46:37","date_gmt":"2026-04-24T13:46:37","guid":{"rendered":"https:\/\/muehle-wissel.de\/?page_id=76"},"modified":"2026-04-24T14:24:14","modified_gmt":"2026-04-24T14:24:14","slug":"elementor-seite-76","status":"publish","type":"page","link":"https:\/\/muehle-wissel.de\/?page_id=76","title":{"rendered":"Was wir bieten"},"content":{"rendered":"\t\t<div data-elementor-type=\"wp-page\" data-elementor-id=\"76\" class=\"elementor elementor-76\">\n\t\t\t\t<div class=\"elementor-element elementor-element-9290baa e-con-full e-flex e-con e-parent\" data-id=\"9290baa\" data-element_type=\"container\" data-e-type=\"container\">\n\t\t<div class=\"elementor-element elementor-element-788a23d e-con-full e-flex e-con e-child\" data-id=\"788a23d\" data-element_type=\"container\" data-e-type=\"container\" data-settings=\"{&quot;background_background&quot;:&quot;classic&quot;}\">\n\t\t<div class=\"elementor-element elementor-element-b585864 e-con-full e-flex e-con e-child\" data-id=\"b585864\" data-element_type=\"container\" data-e-type=\"container\">\n\t\t\t\t<div class=\"elementor-element elementor-element-d09dd5c elementor-widget elementor-widget-heading\" data-id=\"d09dd5c\" data-element_type=\"widget\" data-e-type=\"widget\" data-widget_type=\"heading.default\">\n\t\t\t\t\t<h1 class=\"elementor-heading-title elementor-size-default\">Was wir bieten<\/h1>\t\t\t\t<\/div>\n\t\t\t\t<\/div>\n\t\t<div class=\"elementor-element elementor-element-eb175a0 e-con-full e-flex e-con e-child\" data-id=\"eb175a0\" data-element_type=\"container\" data-e-type=\"container\" data-settings=\"{&quot;background_background&quot;:&quot;classic&quot;}\">\n\t\t\t\t<\/div>\n\t\t\t\t<\/div>\n\t\t\t\t<\/div>\n\t\t<div class=\"elementor-element elementor-element-346207e e-con-full e-flex e-con e-parent\" data-id=\"346207e\" data-element_type=\"container\" data-e-type=\"container\">\n\t\t<div class=\"elementor-element elementor-element-0c1d952 e-con-full e-flex e-con e-child\" data-id=\"0c1d952\" data-element_type=\"container\" data-e-type=\"container\">\n\t\t\t\t\t\t\t\n\t\t<img class=\"e-image-base e-db756ac-73cde78\" \n\t\t\t\t\tdata-interaction-id=\"db756ac\" \n\t\t \n\t\t \n\t\t\t\t\t\t\t\t\tid=\"103\"\n\t\t\t\t\t\t\t\t\t\t\t\tsrc=\"https:\/\/muehle-wissel.de\/wp-content\/uploads\/2026\/04\/20260316_110811.jpg\"\n\t\t\t\t\t\t\t\t\t\t\t\twidth=\"1200\"\n\t\t\t\t\t\t\t\t\t\t\t\theight=\"676\"\n\t\t\t\t\t\t\t\t\t\t\t\tsrcset=\"https:\/\/muehle-wissel.de\/wp-content\/uploads\/2026\/04\/20260316_110811.jpg 1200w, https:\/\/muehle-wissel.de\/wp-content\/uploads\/2026\/04\/20260316_110811-300x169.jpg 300w, https:\/\/muehle-wissel.de\/wp-content\/uploads\/2026\/04\/20260316_110811-1024x577.jpg 1024w, https:\/\/muehle-wissel.de\/wp-content\/uploads\/2026\/04\/20260316_110811-768x433.jpg 768w\"\n\t\t\t\t\t\t\t\t\t\t\t\talt=\"\"\n\t\t\t\t\t\t\/>\n\t\t\t\t\t<\/div>\n\t\t<div class=\"elementor-element elementor-element-974dfe4 e-con-full e-flex e-con e-child\" data-id=\"974dfe4\" data-element_type=\"container\" data-e-type=\"container\">\n\t\t\t\t<div class=\"elementor-element elementor-element-f07c592 elementor-widget elementor-widget-text-editor\" data-id=\"f07c592\" data-element_type=\"widget\" data-e-type=\"widget\" data-widget_type=\"text-editor.default\">\n\t\t\t\t\t\t\t\t\t<p>Die M\u00fchle Wissel in Kalkar am Niederrhein ist ein historisches Gruppenhaus mit besonderem Charakter. Das 2015 sanierte Geb\u00e4ude bietet Platz f\u00fcr bis zu <strong>30 Personen<\/strong> und ist vollst\u00e4ndig rollstuhlgerecht.<\/p>\nIm gro\u00dfen M\u00fchlenrund befindet sich ein rustikal ausgestatteter Raum f\u00fcr gemeinsame Mahlzeiten und als vielseitiger Treffpunkt. In den oberen Stockwerken liegt ein weiterer Aufenthaltsraum f\u00fcr Spiele, Gespr\u00e4che und kreative T\u00e4tigkeiten.\t\t\t\t\t\t\t\t<\/div>\n\t\t\t\t<\/div>\n\t\t\t\t<\/div>\n\t\t<div class=\"elementor-element elementor-element-b9d409f e-con-full e-flex e-con e-parent\" data-id=\"b9d409f\" data-element_type=\"container\" data-e-type=\"container\">\n\t\t<div class=\"elementor-element elementor-element-51d20b6 e-con-full e-flex e-con e-child\" data-id=\"51d20b6\" data-element_type=\"container\" data-e-type=\"container\">\n\t\t<div class=\"elementor-element elementor-element-1f22b3f e-con-full e-flex e-con e-child\" data-id=\"1f22b3f\" data-element_type=\"container\" data-e-type=\"container\">\n\t\t<div class=\"elementor-element elementor-element-58b1166 e-con-full e-flex e-con e-child\" data-id=\"58b1166\" data-element_type=\"container\" data-e-type=\"container\" data-settings=\"{&quot;background_background&quot;:&quot;classic&quot;}\">\n\t\t\t\t<div class=\"elementor-element elementor-element-2b43ebf elementor-widget elementor-widget-heading\" data-id=\"2b43ebf\" data-element_type=\"widget\" data-e-type=\"widget\" data-widget_type=\"heading.default\">\n\t\t\t\t\t<h2 class=\"elementor-heading-title elementor-size-default\">Schlafr\u00e4ume im Rundbau<\/h2>\t\t\t\t<\/div>\n\t\t\t\t<div class=\"elementor-element elementor-element-0660a4e elementor-widget elementor-widget-text-editor\" data-id=\"0660a4e\" data-element_type=\"widget\" data-e-type=\"widget\" data-widget_type=\"text-editor.default\">\n\t\t\t\t\t\t\t\t\t3 Zimmer rund um den M\u00fchlenturm\t\t\t\t\t\t\t\t<\/div>\n\t\t<div class=\"elementor-element elementor-element-d0d6e78 e-con-full e-flex e-con e-child\" data-id=\"d0d6e78\" data-element_type=\"container\" data-e-type=\"container\" data-settings=\"{&quot;background_background&quot;:&quot;classic&quot;}\">\n\t\t\t\t<div class=\"elementor-element elementor-element-4840c4c elementor-widget elementor-widget-text-editor\" data-id=\"4840c4c\" data-element_type=\"widget\" data-e-type=\"widget\" data-widget_type=\"text-editor.default\">\n\t\t\t\t\t\t\t\t\tje 8 Betten\t\t\t\t\t\t\t\t<\/div>\n\t\t\t\t<\/div>\n\t\t\t\t<\/div>\n\t\t\t\t<\/div>\n\t\t<div class=\"elementor-element elementor-element-d2e59da e-con-full e-flex e-con e-child\" data-id=\"d2e59da\" data-element_type=\"container\" data-e-type=\"container\">\n\t\t<div class=\"elementor-element elementor-element-336afdf e-con-full e-flex e-con e-child\" data-id=\"336afdf\" data-element_type=\"container\" data-e-type=\"container\" data-settings=\"{&quot;background_background&quot;:&quot;classic&quot;}\">\n\t\t\t\t<div class=\"elementor-element elementor-element-6935935 elementor-widget elementor-widget-heading\" data-id=\"6935935\" data-element_type=\"widget\" data-e-type=\"widget\" data-widget_type=\"heading.default\">\n\t\t\t\t\t<h2 class=\"elementor-heading-title elementor-size-default\">2<\/h2>\t\t\t\t<\/div>\n\t\t\t\t<div class=\"elementor-element elementor-element-2b9f3a0 elementor-widget elementor-widget-text-editor\" data-id=\"2b9f3a0\" data-element_type=\"widget\" data-e-type=\"widget\" data-widget_type=\"text-editor.default\">\n\t\t\t\t\t\t\t\t\tGruppenr\u00e4ume im EG\t\t\t\t\t\t\t\t<\/div>\n\t\t\t\t<\/div>\n\t\t\t\t<\/div>\n\t\t<div class=\"elementor-element elementor-element-20b88a6 e-con-full e-flex e-con e-child\" data-id=\"20b88a6\" data-element_type=\"container\" data-e-type=\"container\">\n\t\t<div class=\"elementor-element elementor-element-f1113df e-con-full e-flex e-con e-child\" data-id=\"f1113df\" data-element_type=\"container\" data-e-type=\"container\" data-settings=\"{&quot;background_background&quot;:&quot;classic&quot;}\">\n\t\t\t\t<div class=\"elementor-element elementor-element-7d75179 elementor-widget elementor-widget-heading\" data-id=\"7d75179\" data-element_type=\"widget\" data-e-type=\"widget\" data-widget_type=\"heading.default\">\n\t\t\t\t\t<h2 class=\"elementor-heading-title elementor-size-default\">2015<\/h2>\t\t\t\t<\/div>\n\t\t\t\t<div class=\"elementor-element elementor-element-99844a9 elementor-widget elementor-widget-text-editor\" data-id=\"99844a9\" data-element_type=\"widget\" data-e-type=\"widget\" data-widget_type=\"text-editor.default\">\n\t\t\t\t\t\t\t\t\tSaniert und rollstuhlgerecht\t\t\t\t\t\t\t\t<\/div>\n\t\t\t\t<\/div>\n\t\t\t\t<\/div>\n\t\t\t\t<\/div>\n\t\t\t\t<\/div>\n\t\t\t\t<\/div>\n\t\t","protected":false},"excerpt":{"rendered":"<p>Was wir bieten Die M\u00fchle Wissel in Kalkar am Niederrhein ist ein historisches Gruppenhaus mit besonderem Charakter. Das 2015 sanierte [&hellip;]<\/p>\n","protected":false},"author":1,"featured_media":0,"parent":0,"menu_order":0,"comment_status":"closed","ping_status":"closed","template":"elementor_theme","meta":{"site-sidebar-layout":"no-sidebar","site-content-layout":"","ast-site-content-layout":"normal-width-container","site-content-style":"default","site-sidebar-style":"default","ast-global-header-display":"","ast-banner-title-visibility":"","ast-main-header-display":"","ast-hfb-above-header-display":"","ast-hfb-below-header-display":"","ast-hfb-mobile-header-display":"","site-post-title":"disabled","ast-breadcrumbs-content":"","ast-featured-img":"disabled","footer-sml-layout":"","ast-disable-related-posts":"","theme-transparent-header-meta":"","adv-header-id-meta":"","stick-header-meta":"","header-above-stick-meta":"","header-main-stick-meta":"","header-below-stick-meta":"","astra-migrate-meta-layouts":"default","ast-page-background-enabled":"default","ast-page-background-meta":{"desktop":{"background-color":"var(--ast-global-color-5)","background-image":"","background-repeat":"repeat","background-position":"center center","background-size":"auto","background-attachment":"scroll","background-type":"","background-media":"","overlay-type":"","overlay-color":"","overlay-opacity":"","overlay-gradient":""},"tablet":{"background-color":"","background-image":"","background-repeat":"repeat","background-position":"center center","background-size":"auto","background-attachment":"scroll","background-type":"","background-media":"","overlay-type":"","overlay-color":"","overlay-opacity":"","overlay-gradient":""},"mobile":{"background-color":"","background-image":"","background-repeat":"repeat","background-position":"center center","background-size":"auto","background-attachment":"scroll","background-type":"","background-media":"","overlay-type":"","overlay-color":"","overlay-opacity":"","overlay-gradient":""}},"ast-content-background-meta":{"desktop":{"background-color":"var(--ast-global-color-4)","background-image":"","background-repeat":"repeat","background-position":"center center","background-size":"auto","background-attachment":"scroll","background-type":"","background-media":"","overlay-type":"","overlay-color":"","overlay-opacity":"","overlay-gradient":""},"tablet":{"background-color":"var(--ast-global-color-4)","background-image":"","background-repeat":"repeat","background-position":"center center","background-size":"auto","background-attachment":"scroll","background-type":"","background-media":"","overlay-type":"","overlay-color":"","overlay-opacity":"","overlay-gradient":""},"mobile":{"background-color":"var(--ast-global-color-4)","background-image":"","background-repeat":"repeat","background-position":"center center","background-size":"auto","background-attachment":"scroll","background-type":"","background-media":"","overlay-type":"","overlay-color":"","overlay-opacity":"","overlay-gradient":""}},"footnotes":""},"class_list":["post-76","page","type-page","status-publish","hentry"],"_links":{"self":[{"href":"https:\/\/muehle-wissel.de\/index.php?rest_route=\/wp\/v2\/pages\/76","targetHints":{"allow":["GET"]}}],"collection":[{"href":"https:\/\/muehle-wissel.de\/index.php?rest_route=\/wp\/v2\/pages"}],"about":[{"href":"https:\/\/muehle-wissel.de\/index.php?rest_route=\/wp\/v2\/types\/page"}],"author":[{"embeddable":true,"href":"https:\/\/muehle-wissel.de\/index.php?rest_route=\/wp\/v2\/users\/1"}],"replies":[{"embeddable":true,"href":"https:\/\/muehle-wissel.de\/index.php?rest_route=%2Fwp%2Fv2%2Fcomments&post=76"}],"version-history":[{"count":20,"href":"https:\/\/muehle-wissel.de\/index.php?rest_route=\/wp\/v2\/pages\/76\/revisions"}],"predecessor-version":[{"id":116,"href":"https:\/\/muehle-wissel.de\/index.php?rest_route=\/wp\/v2\/pages\/76\/revisions\/116"}],"wp:attachment":[{"href":"https:\/\/muehle-wissel.de\/index.php?rest_route=%2Fwp%2Fv2%2Fmedia&parent=76"}],"curies":[{"name":"wp","href":"https:\/\/api.w.org\/{rel}","templated":true}]}}